{"id":690,"date":"2020-10-06T14:02:02","date_gmt":"2020-10-06T12:02:02","guid":{"rendered":"http:\/\/artdepraslin.promisys-lab.be\/?page_id=690"},"modified":"2024-05-16T14:29:49","modified_gmt":"2024-05-16T12:29:49","slug":"accueil","status":"publish","type":"page","link":"https:\/\/www.artdepraslin.be\/en\/","title":{"rendered":"Home"},"content":{"rendered":"<div class=\"wp-block-image\">\n<figure class=\"aligncenter size-full\"><img loading=\"lazy\" decoding=\"async\" width=\"2560\" height=\"1173\" src=\"https:\/\/www.artdepraslin.be\/wp-content\/uploads\/2021\/02\/Maca2-scaled.jpg\" alt=\"\" class=\"wp-image-1490\" srcset=\"https:\/\/www.artdepraslin.be\/wp-content\/uploads\/2021\/02\/Maca2-scaled.jpg 2560w, https:\/\/www.artdepraslin.be\/wp-content\/uploads\/2021\/02\/Maca2-300x138.jpg 300w, https:\/\/www.artdepraslin.be\/wp-content\/uploads\/2021\/02\/Maca2-1024x469.jpg 1024w, https:\/\/www.artdepraslin.be\/wp-content\/uploads\/2021\/02\/Maca2-768x352.jpg 768w, https:\/\/www.artdepraslin.be\/wp-content\/uploads\/2021\/02\/Maca2-1536x704.jpg 1536w, https:\/\/www.artdepraslin.be\/wp-content\/uploads\/2021\/02\/Maca2-2048x939.jpg 2048w, https:\/\/www.artdepraslin.be\/wp-content\/uploads\/2021\/02\/Maca2-1200x550.jpg 1200w, https:\/\/www.artdepraslin.be\/wp-content\/uploads\/2021\/02\/Maca2-600x275.jpg 600w\" sizes=\"auto, (max-width: 2560px) 100vw, 2560px\" \/><\/figure><\/div>\n\n\n<div style=\"height:50px\" aria-hidden=\"true\" class=\"wp-block-spacer\"><\/div>\n\n\n\n<p><\/p>\n\n\n\n<div class=\"wp-block-media-text alignwide has-media-on-the-right reveal\"><div class=\"wp-block-media-text__content\">\n<h2 class=\"wp-block-heading\" id=\"h-our-story\">Our story<\/h2>\n\n\n\n<p><strong>Art de Praslin<\/strong> is an artisanal, family-run chocolate factory established in 1936. It is now in its fourth generation. Jean and Louise Guion left their native Italy to come and settle in Belgium in the 1920s. A few years later, the Guion couple opened their workshop-boutique on avenue Pesage in Brussels. In 1936, they moved to rue du Bailly. Art de Praslin was born &#8230;<\/p>\n\n\n\n<div class=\"wp-block-button\"><a class=\"wp-block-button__link wp-element-button\" href=\"http:\/\/artdepraslin.promisys-lab.be\/en\/the-house\/\">Discover our story<\/a><\/div>\n<\/div><figure class=\"wp-block-media-text__media\"><img loading=\"lazy\" decoding=\"async\" width=\"600\" height=\"600\" src=\"http:\/\/artdepraslin.promisys-lab.be\/wp-content\/uploads\/2019\/08\/histoire.jpg\" alt=\"\" class=\"wp-image-515 size-full\" srcset=\"https:\/\/www.artdepraslin.be\/wp-content\/uploads\/2019\/08\/histoire.jpg 600w, https:\/\/www.artdepraslin.be\/wp-content\/uploads\/2019\/08\/histoire-300x300.jpg 300w, https:\/\/www.artdepraslin.be\/wp-content\/uploads\/2019\/08\/histoire-100x100.jpg 100w, https:\/\/www.artdepraslin.be\/wp-content\/uploads\/2019\/08\/histoire-150x150.jpg 150w\" sizes=\"auto, (max-width: 600px) 100vw, 600px\" \/><\/figure><\/div>\n\n\n\n<div style=\"height:50px\" aria-hidden=\"true\" class=\"wp-block-spacer\"><\/div>\n\n\n\n<div class=\"wp-block-media-text alignwide reveal\"><figure class=\"wp-block-media-text__media\"><img loading=\"lazy\" decoding=\"async\" width=\"600\" height=\"600\" src=\"http:\/\/artdepraslin.promisys-lab.be\/wp-content\/uploads\/2019\/08\/macap.jpg\" alt=\"\" class=\"wp-image-517 size-full\" srcset=\"https:\/\/www.artdepraslin.be\/wp-content\/uploads\/2019\/08\/macap.jpg 600w, https:\/\/www.artdepraslin.be\/wp-content\/uploads\/2019\/08\/macap-300x300.jpg 300w, https:\/\/www.artdepraslin.be\/wp-content\/uploads\/2019\/08\/macap-100x100.jpg 100w, https:\/\/www.artdepraslin.be\/wp-content\/uploads\/2019\/08\/macap-150x150.jpg 150w\" sizes=\"auto, (max-width: 600px) 100vw, 600px\" \/><\/figure><div class=\"wp-block-media-text__content\">\n<h2 class=\"wp-block-heading\" id=\"h-unique-chocolate\">Unique chocolate<\/h2>\n\n\n\n<p><strong>L\u2019Art de Praslin<\/strong> created is own and unique chococolate called Macap\u2026<\/p>\n\n\n\n<div class=\"wp-block-button\"><a class=\"wp-block-button__link wp-element-button\" href=\"http:\/\/artdepraslin.promisys-lab.be\/en\/the-house\/#choco\">Discover our chocolate<\/a><\/div>\n<\/div><\/div>\n\n\n\n<div style=\"height:100px\" aria-hidden=\"true\" class=\"wp-block-spacer\"><\/div>\n","protected":false},"excerpt":{"rendered":"","protected":false},"author":1,"featured_media":0,"parent":0,"menu_order":0,"comment_status":"closed","ping_status":"closed","template":"template-parts\/homepage.php","meta":{"_acf_changed":false,"footnotes":""},"class_list":["post-690","page","type-page","status-publish","hentry"],"acf":[],"yoast_head":"<!-- This site is optimized with the Yoast SEO Premium plugin v15.8.2 - https:\/\/yoast.com\/wordpress\/plugins\/seo\/ -->\n<title>Home | Art de Praslin<\/title>\n<meta name=\"description\" content=\"D\u00e9couvrez notre s\u00e9lection artisanale de chocolats de P\u00e2ques ! Oeufs, lapins, chocolats fourr\u00e9s ou pralin\u00e9s, nous avons tout ce qu&#039;il faut pour r\u00e9galer petits et grands. Commandez en ligne et recevez vos chocolats chez vous pour une f\u00eate de P\u00e2ques r\u00e9ussie. Nos chocolats sont fabriqu\u00e9s avec amour et passion, \u00e0 partir d&#039;ingr\u00e9dients de qualit\u00e9, pour vous offrir une exp\u00e9rience gustative inoubliable. Offrez ou offrez-vous nos coffrets cadeaux de P\u00e2ques pour une surprise encore plus gourmande.\" \/>\n<meta name=\"robots\" content=\"index, follow, max-snippet:-1, max-image-preview:large, max-video-preview:-1\" \/>\n<link rel=\"canonical\" href=\"https:\/\/www.artdepraslin.be\/en\/\" \/>\n<meta property=\"og:locale\" content=\"en_US\" \/>\n<meta property=\"og:type\" content=\"article\" \/>\n<meta property=\"og:title\" content=\"Home | Art de Praslin\" \/>\n<meta property=\"og:description\" content=\"D\u00e9couvrez notre s\u00e9lection artisanale de chocolats de P\u00e2ques ! Oeufs, lapins, chocolats fourr\u00e9s ou pralin\u00e9s, nous avons tout ce qu&#039;il faut pour r\u00e9galer petits et grands. Commandez en ligne et recevez vos chocolats chez vous pour une f\u00eate de P\u00e2ques r\u00e9ussie. Nos chocolats sont fabriqu\u00e9s avec amour et passion, \u00e0 partir d&#039;ingr\u00e9dients de qualit\u00e9, pour vous offrir une exp\u00e9rience gustative inoubliable. Offrez ou offrez-vous nos coffrets cadeaux de P\u00e2ques pour une surprise encore plus gourmande.\" \/>\n<meta property=\"og:url\" content=\"https:\/\/www.artdepraslin.be\/en\/\" \/>\n<meta property=\"og:site_name\" content=\"Art de Praslin\" \/>\n<meta property=\"article:publisher\" content=\"https:\/\/www.facebook.com\/artdepraslin\" \/>\n<meta property=\"article:modified_time\" content=\"2024-05-16T12:29:49+00:00\" \/>\n<meta property=\"og:image\" content=\"https:\/\/www.artdepraslin.be\/wp-content\/uploads\/2021\/02\/Maca2-scaled.jpg\" \/>\n<meta name=\"twitter:card\" content=\"summary_large_image\" \/>\n<meta name=\"twitter:label1\" content=\"Est. reading time\">\n\t<meta name=\"twitter:data1\" content=\"1 minute\">\n<script type=\"application\/ld+json\" class=\"yoast-schema-graph\">{\"@context\":\"https:\/\/schema.org\",\"@graph\":[{\"@type\":\"Organization\",\"@id\":\"https:\/\/www.artdepraslin.be\/#organization\",\"name\":\"Art de Praslin\",\"url\":\"https:\/\/www.artdepraslin.be\/\",\"sameAs\":[\"https:\/\/www.facebook.com\/artdepraslin\",\"https:\/\/www.instagram.com\/artdepraslin\/\"],\"logo\":{\"@type\":\"ImageObject\",\"@id\":\"https:\/\/www.artdepraslin.be\/#logo\",\"inLanguage\":\"en-US\",\"url\":\"https:\/\/www.artdepraslin.be\/wp-content\/uploads\/2019\/03\/logo.png\",\"width\":260,\"height\":42,\"caption\":\"Art de Praslin\"},\"image\":{\"@id\":\"https:\/\/www.artdepraslin.be\/#logo\"}},{\"@type\":\"WebSite\",\"@id\":\"https:\/\/www.artdepraslin.be\/#website\",\"url\":\"https:\/\/www.artdepraslin.be\/\",\"name\":\"Art de Praslin\",\"description\":\"\",\"publisher\":{\"@id\":\"https:\/\/www.artdepraslin.be\/#organization\"},\"potentialAction\":[{\"@type\":\"SearchAction\",\"target\":\"https:\/\/www.artdepraslin.be\/?s={search_term_string}\",\"query-input\":\"required name=search_term_string\"}],\"inLanguage\":\"en-US\"},{\"@type\":\"ImageObject\",\"@id\":\"https:\/\/www.artdepraslin.be\/en\/#primaryimage\",\"inLanguage\":\"en-US\",\"url\":\"https:\/\/www.artdepraslin.be\/wp-content\/uploads\/2021\/02\/Maca2-scaled.jpg\",\"width\":2560,\"height\":1173},{\"@type\":\"WebPage\",\"@id\":\"https:\/\/www.artdepraslin.be\/en\/#webpage\",\"url\":\"https:\/\/www.artdepraslin.be\/en\/\",\"name\":\"Home | Art de Praslin\",\"isPartOf\":{\"@id\":\"https:\/\/www.artdepraslin.be\/#website\"},\"primaryImageOfPage\":{\"@id\":\"https:\/\/www.artdepraslin.be\/en\/#primaryimage\"},\"datePublished\":\"2020-10-06T12:02:02+00:00\",\"dateModified\":\"2024-05-16T12:29:49+00:00\",\"description\":\"D\\u00e9couvrez notre s\\u00e9lection artisanale de chocolats de P\\u00e2ques ! Oeufs, lapins, chocolats fourr\\u00e9s ou pralin\\u00e9s, nous avons tout ce qu'il faut pour r\\u00e9galer petits et grands. Commandez en ligne et recevez vos chocolats chez vous pour une f\\u00eate de P\\u00e2ques r\\u00e9ussie. Nos chocolats sont fabriqu\\u00e9s avec amour et passion, \\u00e0 partir d'ingr\\u00e9dients de qualit\\u00e9, pour vous offrir une exp\\u00e9rience gustative inoubliable. Offrez ou offrez-vous nos coffrets cadeaux de P\\u00e2ques pour une surprise encore plus gourmande.\",\"breadcrumb\":{\"@id\":\"https:\/\/www.artdepraslin.be\/en\/#breadcrumb\"},\"inLanguage\":\"en-US\",\"potentialAction\":[{\"@type\":\"ReadAction\",\"target\":[\"https:\/\/www.artdepraslin.be\/en\/\"]}]},{\"@type\":\"BreadcrumbList\",\"@id\":\"https:\/\/www.artdepraslin.be\/en\/#breadcrumb\",\"itemListElement\":[{\"@type\":\"ListItem\",\"position\":1,\"item\":{\"@type\":\"WebPage\",\"@id\":\"https:\/\/www.artdepraslin.be\/en\/\",\"url\":\"https:\/\/www.artdepraslin.be\/en\/\",\"name\":\"Accueil\"}},{\"@type\":\"ListItem\",\"position\":2,\"item\":{\"@type\":\"WebPage\",\"@id\":\"https:\/\/www.artdepraslin.be\/en\/\",\"url\":\"https:\/\/www.artdepraslin.be\/en\/\",\"name\":\"Home\"}}]}]}<\/script>\n<!-- \/ Yoast SEO Premium plugin. -->","_links":{"self":[{"href":"https:\/\/www.artdepraslin.be\/en\/wp-json\/wp\/v2\/pages\/690","targetHints":{"allow":["GET"]}}],"collection":[{"href":"https:\/\/www.artdepraslin.be\/en\/wp-json\/wp\/v2\/pages"}],"about":[{"href":"https:\/\/www.artdepraslin.be\/en\/wp-json\/wp\/v2\/types\/page"}],"author":[{"embeddable":true,"href":"https:\/\/www.artdepraslin.be\/en\/wp-json\/wp\/v2\/users\/1"}],"replies":[{"embeddable":true,"href":"https:\/\/www.artdepraslin.be\/en\/wp-json\/wp\/v2\/comments?post=690"}],"version-history":[{"count":9,"href":"https:\/\/www.artdepraslin.be\/en\/wp-json\/wp\/v2\/pages\/690\/revisions"}],"predecessor-version":[{"id":2740,"href":"https:\/\/www.artdepraslin.be\/en\/wp-json\/wp\/v2\/pages\/690\/revisions\/2740"}],"wp:attachment":[{"href":"https:\/\/www.artdepraslin.be\/en\/wp-json\/wp\/v2\/media?parent=690"}],"curies":[{"name":"wp","href":"https:\/\/api.w.org\/{rel}","templated":true}]}}