{"id":697,"date":"2020-10-06T15:24:35","date_gmt":"2020-10-06T13:24:35","guid":{"rendered":"http:\/\/artdepraslin.promisys-lab.be\/our-shop\/"},"modified":"2020-10-06T15:24:35","modified_gmt":"2020-10-06T13:24:35","slug":"our-shop","status":"publish","type":"page","link":"https:\/\/www.artdepraslin.be\/en\/our-shop\/","title":{"rendered":"Our shop"},"content":{"rendered":"\n<div class=\"wp-block-columns has-2-columns reveal is-layout-flex wp-container-core-columns-is-layout-9d6595d7 wp-block-columns-is-layout-flex\">\n<div class=\"wp-block-column is-layout-flow wp-block-column-is-layout-flow\">\n<h3 class=\"has-text-align-left underline wp-block-heading\">Shop in Wavre<\/h3>\n\n\n\n<p><p>Rue de Nivelles, 12<br\/>1300 Wavre<br\/>Belgium<\/p><\/p>\n\n\n\n<p><strong>T\u00e9l<\/strong>: +32 (0)10 22 32 40<br\/><strong>Fax<\/strong>:  +32 (0)10 24 68 34 <br\/><strong>E-mail<\/strong>: info@artdepraslin.be<\/p>\n\n\n\n<p><p><strong>Opening houres :<\/strong><br\/>Monday : 10 :00 to 12:00 and 14:00 to 18:00<br\/>Tuesday to saterday : 9:30 to 18:00<br\/>Closed on sunday<\/p><\/p>\n<\/div>\n\n\n\n<div class=\"wp-block-column is-layout-flow wp-block-column-is-layout-flow\"><iframe loading=\"lazy\" src=\"https:\/\/www.google.com\/maps\/embed?pb=!1m18!1m12!1m3!1d2526.2249692432215!2d4.606309315903305!3d50.71576537609271!2m3!1f0!2f0!3f0!3m2!1i1024!2i768!4f13.1!3m3!1m2!1s0x47c17d744cc8f51d%3A0x5b760e9e4d5d2f1e!2sRue+de+Nivelles+12%2C+1300+Wavre!5e0!3m2!1sfr!2sbe!4v1551780396061\" width=\"496\" height=\"346\" frameborder=\"0\" style=\"border:0\" allowfullscreen=\"\"><\/iframe>\r\n<\/div>\n<\/div>\n\n<div style=\"height:30px\" aria-hidden=\"true\" class=\"wp-block-spacer\"><\/div>\n\n<h3 class=\"has-text-align-left underline wp-block-heading\">The workshop<\/h3>\n\n<div style=\"height:30px\" aria-hidden=\"true\" class=\"wp-block-spacer\"><\/div>\n\n<figure class=\"wp-block-gallery columns-4 is-cropped full reveal wp-block-gallery-1 is-layout-flex wp-block-gallery-is-layout-flex\"><ul class=\"blocks-gallery-grid\"><li class=\"blocks-gallery-item\"><figure><a href=\"http:\/\/artdepraslin.promisys-lab.be\/wp-content\/uploads\/2019\/03\/218_18-2.jpg\"><img loading=\"lazy\" decoding=\"async\" width=\"800\" height=\"533\" src=\"http:\/\/artdepraslin.promisys-lab.be\/wp-content\/uploads\/2019\/03\/218_18-2.jpg\" alt=\"\" data-id=\"193\" data-link=\"http:\/\/artdepraslin.promisys-lab.be\/218_18-2\/\" class=\"wp-image-193\" srcset=\"https:\/\/www.artdepraslin.be\/wp-content\/uploads\/2019\/03\/218_18-2.jpg 800w, https:\/\/www.artdepraslin.be\/wp-content\/uploads\/2019\/03\/218_18-2-600x400.jpg 600w, https:\/\/www.artdepraslin.be\/wp-content\/uploads\/2019\/03\/218_18-2-300x200.jpg 300w, https:\/\/www.artdepraslin.be\/wp-content\/uploads\/2019\/03\/218_18-2-768x512.jpg 768w\" sizes=\"auto, (max-width: 800px) 100vw, 800px\" \/><\/a><\/figure><\/li><li class=\"blocks-gallery-item\"><figure><a href=\"http:\/\/artdepraslin.promisys-lab.be\/wp-content\/uploads\/2019\/03\/217_17-2.jpg\"><img loading=\"lazy\" decoding=\"async\" width=\"800\" height=\"532\" src=\"http:\/\/artdepraslin.promisys-lab.be\/wp-content\/uploads\/2019\/03\/217_17-2.jpg\" alt=\"\" data-id=\"192\" data-link=\"http:\/\/artdepraslin.promisys-lab.be\/217_17-2\/\" class=\"wp-image-192\" srcset=\"https:\/\/www.artdepraslin.be\/wp-content\/uploads\/2019\/03\/217_17-2.jpg 800w, https:\/\/www.artdepraslin.be\/wp-content\/uploads\/2019\/03\/217_17-2-600x399.jpg 600w, https:\/\/www.artdepraslin.be\/wp-content\/uploads\/2019\/03\/217_17-2-300x200.jpg 300w, https:\/\/www.artdepraslin.be\/wp-content\/uploads\/2019\/03\/217_17-2-768x511.jpg 768w\" sizes=\"auto, (max-width: 800px) 100vw, 800px\" \/><\/a><\/figure><\/li><li class=\"blocks-gallery-item\"><figure><a href=\"http:\/\/artdepraslin.promisys-lab.be\/wp-content\/uploads\/2019\/03\/216_16-2.jpg\"><img loading=\"lazy\" decoding=\"async\" width=\"800\" height=\"533\" src=\"http:\/\/artdepraslin.promisys-lab.be\/wp-content\/uploads\/2019\/03\/216_16-2.jpg\" alt=\"\" data-id=\"191\" data-link=\"http:\/\/artdepraslin.promisys-lab.be\/216_16-2\/\" class=\"wp-image-191\" srcset=\"https:\/\/www.artdepraslin.be\/wp-content\/uploads\/2019\/03\/216_16-2.jpg 800w, https:\/\/www.artdepraslin.be\/wp-content\/uploads\/2019\/03\/216_16-2-600x400.jpg 600w, https:\/\/www.artdepraslin.be\/wp-content\/uploads\/2019\/03\/216_16-2-300x200.jpg 300w, https:\/\/www.artdepraslin.be\/wp-content\/uploads\/2019\/03\/216_16-2-768x512.jpg 768w\" sizes=\"auto, (max-width: 800px) 100vw, 800px\" \/><\/a><\/figure><\/li><li class=\"blocks-gallery-item\"><figure><a href=\"http:\/\/artdepraslin.promisys-lab.be\/wp-content\/uploads\/2019\/03\/213_13-2.jpg\"><img loading=\"lazy\" decoding=\"async\" width=\"800\" height=\"532\" src=\"http:\/\/artdepraslin.promisys-lab.be\/wp-content\/uploads\/2019\/03\/213_13-2.jpg\" alt=\"\" data-id=\"190\" data-link=\"http:\/\/artdepraslin.promisys-lab.be\/213_13-2\/\" class=\"wp-image-190\" srcset=\"https:\/\/www.artdepraslin.be\/wp-content\/uploads\/2019\/03\/213_13-2.jpg 800w, https:\/\/www.artdepraslin.be\/wp-content\/uploads\/2019\/03\/213_13-2-600x399.jpg 600w, https:\/\/www.artdepraslin.be\/wp-content\/uploads\/2019\/03\/213_13-2-300x200.jpg 300w, https:\/\/www.artdepraslin.be\/wp-content\/uploads\/2019\/03\/213_13-2-768x511.jpg 768w\" sizes=\"auto, (max-width: 800px) 100vw, 800px\" \/><\/a><\/figure><\/li><li class=\"blocks-gallery-item\"><figure><a href=\"http:\/\/artdepraslin.promisys-lab.be\/wp-content\/uploads\/2019\/03\/210_10-2.jpg\"><img loading=\"lazy\" decoding=\"async\" width=\"800\" height=\"532\" src=\"http:\/\/artdepraslin.promisys-lab.be\/wp-content\/uploads\/2019\/03\/210_10-2.jpg\" alt=\"\" data-id=\"189\" data-link=\"http:\/\/artdepraslin.promisys-lab.be\/210_10-2\/\" class=\"wp-image-189\" srcset=\"https:\/\/www.artdepraslin.be\/wp-content\/uploads\/2019\/03\/210_10-2.jpg 800w, https:\/\/www.artdepraslin.be\/wp-content\/uploads\/2019\/03\/210_10-2-600x399.jpg 600w, https:\/\/www.artdepraslin.be\/wp-content\/uploads\/2019\/03\/210_10-2-300x200.jpg 300w, https:\/\/www.artdepraslin.be\/wp-content\/uploads\/2019\/03\/210_10-2-768x511.jpg 768w\" sizes=\"auto, (max-width: 800px) 100vw, 800px\" \/><\/a><\/figure><\/li><li class=\"blocks-gallery-item\"><figure><a href=\"http:\/\/artdepraslin.promisys-lab.be\/wp-content\/uploads\/2019\/03\/29_09-2.jpg\"><img loading=\"lazy\" decoding=\"async\" width=\"532\" height=\"800\" src=\"http:\/\/artdepraslin.promisys-lab.be\/wp-content\/uploads\/2019\/03\/29_09-2.jpg\" alt=\"\" data-id=\"188\" data-link=\"http:\/\/artdepraslin.promisys-lab.be\/29_09-2\/\" class=\"wp-image-188\" srcset=\"https:\/\/www.artdepraslin.be\/wp-content\/uploads\/2019\/03\/29_09-2.jpg 532w, https:\/\/www.artdepraslin.be\/wp-content\/uploads\/2019\/03\/29_09-2-200x300.jpg 200w\" sizes=\"auto, (max-width: 532px) 100vw, 532px\" \/><\/a><\/figure><\/li><li class=\"blocks-gallery-item\"><figure><a href=\"http:\/\/artdepraslin.promisys-lab.be\/wp-content\/uploads\/2019\/03\/28_08-2.jpg\"><img loading=\"lazy\" decoding=\"async\" width=\"800\" height=\"532\" src=\"http:\/\/artdepraslin.promisys-lab.be\/wp-content\/uploads\/2019\/03\/28_08-2.jpg\" alt=\"\" data-id=\"187\" data-link=\"http:\/\/artdepraslin.promisys-lab.be\/28_08-2\/\" class=\"wp-image-187\" srcset=\"https:\/\/www.artdepraslin.be\/wp-content\/uploads\/2019\/03\/28_08-2.jpg 800w, https:\/\/www.artdepraslin.be\/wp-content\/uploads\/2019\/03\/28_08-2-600x399.jpg 600w, https:\/\/www.artdepraslin.be\/wp-content\/uploads\/2019\/03\/28_08-2-300x200.jpg 300w, https:\/\/www.artdepraslin.be\/wp-content\/uploads\/2019\/03\/28_08-2-768x511.jpg 768w\" sizes=\"auto, (max-width: 800px) 100vw, 800px\" \/><\/a><\/figure><\/li><li class=\"blocks-gallery-item\"><figure><a href=\"http:\/\/artdepraslin.promisys-lab.be\/wp-content\/uploads\/2019\/03\/27_07-2.jpg\"><img loading=\"lazy\" decoding=\"async\" width=\"800\" height=\"532\" src=\"http:\/\/artdepraslin.promisys-lab.be\/wp-content\/uploads\/2019\/03\/27_07-2.jpg\" alt=\"\" data-id=\"186\" data-link=\"http:\/\/artdepraslin.promisys-lab.be\/27_07-2\/\" class=\"wp-image-186\" srcset=\"https:\/\/www.artdepraslin.be\/wp-content\/uploads\/2019\/03\/27_07-2.jpg 800w, https:\/\/www.artdepraslin.be\/wp-content\/uploads\/2019\/03\/27_07-2-600x399.jpg 600w, https:\/\/www.artdepraslin.be\/wp-content\/uploads\/2019\/03\/27_07-2-300x200.jpg 300w, https:\/\/www.artdepraslin.be\/wp-content\/uploads\/2019\/03\/27_07-2-768x511.jpg 768w\" sizes=\"auto, (max-width: 800px) 100vw, 800px\" \/><\/a><\/figure><\/li><li class=\"blocks-gallery-item\"><figure><a href=\"http:\/\/artdepraslin.promisys-lab.be\/wp-content\/uploads\/2019\/03\/26_06-2.jpg\"><img loading=\"lazy\" decoding=\"async\" width=\"532\" height=\"800\" src=\"http:\/\/artdepraslin.promisys-lab.be\/wp-content\/uploads\/2019\/03\/26_06-2.jpg\" alt=\"\" data-id=\"185\" data-link=\"http:\/\/artdepraslin.promisys-lab.be\/26_06-2\/\" class=\"wp-image-185\" srcset=\"https:\/\/www.artdepraslin.be\/wp-content\/uploads\/2019\/03\/26_06-2.jpg 532w, https:\/\/www.artdepraslin.be\/wp-content\/uploads\/2019\/03\/26_06-2-200x300.jpg 200w\" sizes=\"auto, (max-width: 532px) 100vw, 532px\" \/><\/a><\/figure><\/li><li class=\"blocks-gallery-item\"><figure><a href=\"http:\/\/artdepraslin.promisys-lab.be\/wp-content\/uploads\/2019\/03\/25_05-2.jpg\"><img loading=\"lazy\" decoding=\"async\" width=\"800\" height=\"532\" src=\"http:\/\/artdepraslin.promisys-lab.be\/wp-content\/uploads\/2019\/03\/25_05-2.jpg\" alt=\"\" data-id=\"184\" data-link=\"http:\/\/artdepraslin.promisys-lab.be\/25_05-2\/\" class=\"wp-image-184\" srcset=\"https:\/\/www.artdepraslin.be\/wp-content\/uploads\/2019\/03\/25_05-2.jpg 800w, https:\/\/www.artdepraslin.be\/wp-content\/uploads\/2019\/03\/25_05-2-600x399.jpg 600w, https:\/\/www.artdepraslin.be\/wp-content\/uploads\/2019\/03\/25_05-2-300x200.jpg 300w, https:\/\/www.artdepraslin.be\/wp-content\/uploads\/2019\/03\/25_05-2-768x511.jpg 768w\" sizes=\"auto, (max-width: 800px) 100vw, 800px\" \/><\/a><\/figure><\/li><li class=\"blocks-gallery-item\"><figure><a href=\"http:\/\/artdepraslin.promisys-lab.be\/wp-content\/uploads\/2019\/03\/24_04-3.jpg\"><img loading=\"lazy\" decoding=\"async\" width=\"800\" height=\"532\" src=\"http:\/\/artdepraslin.promisys-lab.be\/wp-content\/uploads\/2019\/03\/24_04-3.jpg\" alt=\"\" data-id=\"183\" data-link=\"http:\/\/artdepraslin.promisys-lab.be\/24_04-3\/\" class=\"wp-image-183\" srcset=\"https:\/\/www.artdepraslin.be\/wp-content\/uploads\/2019\/03\/24_04-3.jpg 800w, https:\/\/www.artdepraslin.be\/wp-content\/uploads\/2019\/03\/24_04-3-600x399.jpg 600w, https:\/\/www.artdepraslin.be\/wp-content\/uploads\/2019\/03\/24_04-3-300x200.jpg 300w, https:\/\/www.artdepraslin.be\/wp-content\/uploads\/2019\/03\/24_04-3-768x511.jpg 768w\" sizes=\"auto, (max-width: 800px) 100vw, 800px\" \/><\/a><\/figure><\/li><li class=\"blocks-gallery-item\"><figure><a href=\"http:\/\/artdepraslin.promisys-lab.be\/wp-content\/uploads\/2019\/03\/23_02.jpg\"><img loading=\"lazy\" decoding=\"async\" width=\"800\" height=\"532\" src=\"http:\/\/artdepraslin.promisys-lab.be\/wp-content\/uploads\/2019\/03\/23_02.jpg\" alt=\"\" data-id=\"182\" data-link=\"http:\/\/artdepraslin.promisys-lab.be\/23_02\/\" class=\"wp-image-182\" srcset=\"https:\/\/www.artdepraslin.be\/wp-content\/uploads\/2019\/03\/23_02.jpg 800w, https:\/\/www.artdepraslin.be\/wp-content\/uploads\/2019\/03\/23_02-600x399.jpg 600w, https:\/\/www.artdepraslin.be\/wp-content\/uploads\/2019\/03\/23_02-300x200.jpg 300w, https:\/\/www.artdepraslin.be\/wp-content\/uploads\/2019\/03\/23_02-768x511.jpg 768w\" sizes=\"auto, (max-width: 800px) 100vw, 800px\" \/><\/a><\/figure><\/li><li class=\"blocks-gallery-item\"><figure><a href=\"http:\/\/artdepraslin.promisys-lab.be\/wp-content\/uploads\/2019\/03\/22_01.jpg\"><img loading=\"lazy\" decoding=\"async\" width=\"800\" height=\"579\" src=\"http:\/\/artdepraslin.promisys-lab.be\/wp-content\/uploads\/2019\/03\/22_01.jpg\" alt=\"\" data-id=\"181\" data-link=\"http:\/\/artdepraslin.promisys-lab.be\/22_01\/\" class=\"wp-image-181\" srcset=\"https:\/\/www.artdepraslin.be\/wp-content\/uploads\/2019\/03\/22_01.jpg 800w, https:\/\/www.artdepraslin.be\/wp-content\/uploads\/2019\/03\/22_01-600x434.jpg 600w, https:\/\/www.artdepraslin.be\/wp-content\/uploads\/2019\/03\/22_01-300x217.jpg 300w, https:\/\/www.artdepraslin.be\/wp-content\/uploads\/2019\/03\/22_01-768x556.jpg 768w\" sizes=\"auto, (max-width: 800px) 100vw, 800px\" \/><\/a><\/figure><\/li><li class=\"blocks-gallery-item\"><figure><a href=\"http:\/\/artdepraslin.promisys-lab.be\/wp-content\/uploads\/2019\/03\/219_19-2.jpg\"><img loading=\"lazy\" decoding=\"async\" width=\"800\" height=\"533\" src=\"http:\/\/artdepraslin.promisys-lab.be\/wp-content\/uploads\/2019\/03\/219_19-2.jpg\" alt=\"\" data-id=\"180\" data-link=\"http:\/\/artdepraslin.promisys-lab.be\/219_19-2\/\" class=\"wp-image-180\" srcset=\"https:\/\/www.artdepraslin.be\/wp-content\/uploads\/2019\/03\/219_19-2.jpg 800w, https:\/\/www.artdepraslin.be\/wp-content\/uploads\/2019\/03\/219_19-2-600x400.jpg 600w, https:\/\/www.artdepraslin.be\/wp-content\/uploads\/2019\/03\/219_19-2-300x200.jpg 300w, https:\/\/www.artdepraslin.be\/wp-content\/uploads\/2019\/03\/219_19-2-768x512.jpg 768w\" sizes=\"auto, (max-width: 800px) 100vw, 800px\" \/><\/a><\/figure><\/li><\/ul><\/figure>","protected":false},"excerpt":{"rendered":"<p>Shop in Wavre Rue de Nivelles, 121300 WavreBelgium T\u00e9l: +32 (0)10 22 32 40Fax: +32 (0)10 24 68 34 E-mail: info@artdepraslin.be Opening houres :Monday : 10 :00 to 12:00 and 14:00 to 18:00Tuesday to saterday : 9:30 to 18:00Closed on sunday The workshop<\/p>\n","protected":false},"author":1,"featured_media":0,"parent":0,"menu_order":0,"comment_status":"closed","ping_status":"closed","template":"","meta":{"_acf_changed":false,"footnotes":""},"class_list":["post-697","page","type-page","status-publish","hentry"],"acf":[],"yoast_head":"<!-- This site is optimized with the Yoast SEO Premium plugin v15.8.2 - https:\/\/yoast.com\/wordpress\/plugins\/seo\/ -->\n<title>Our shop | Art de Praslin<\/title>\n<meta name=\"description\" content=\"D\u00e9couvrez notre s\u00e9lection artisanale de chocolats de P\u00e2ques ! Oeufs, lapins, chocolats fourr\u00e9s ou pralin\u00e9s, nous avons tout ce qu&#039;il faut pour r\u00e9galer petits et grands. Commandez en ligne et recevez vos chocolats chez vous pour une f\u00eate de P\u00e2ques r\u00e9ussie. Nos chocolats sont fabriqu\u00e9s avec amour et passion, \u00e0 partir d&#039;ingr\u00e9dients de qualit\u00e9, pour vous offrir une exp\u00e9rience gustative inoubliable. Offrez ou offrez-vous nos coffrets cadeaux de P\u00e2ques pour une surprise encore plus gourmande.\" \/>\n<meta name=\"robots\" content=\"index, follow, max-snippet:-1, max-image-preview:large, max-video-preview:-1\" \/>\n<link rel=\"canonical\" href=\"https:\/\/www.artdepraslin.be\/en\/our-shop\/\" \/>\n<meta property=\"og:locale\" content=\"en_US\" \/>\n<meta property=\"og:type\" content=\"article\" \/>\n<meta property=\"og:title\" content=\"Our shop | Art de Praslin\" \/>\n<meta property=\"og:description\" content=\"D\u00e9couvrez notre s\u00e9lection artisanale de chocolats de P\u00e2ques ! Oeufs, lapins, chocolats fourr\u00e9s ou pralin\u00e9s, nous avons tout ce qu&#039;il faut pour r\u00e9galer petits et grands. Commandez en ligne et recevez vos chocolats chez vous pour une f\u00eate de P\u00e2ques r\u00e9ussie. Nos chocolats sont fabriqu\u00e9s avec amour et passion, \u00e0 partir d&#039;ingr\u00e9dients de qualit\u00e9, pour vous offrir une exp\u00e9rience gustative inoubliable. Offrez ou offrez-vous nos coffrets cadeaux de P\u00e2ques pour une surprise encore plus gourmande.\" \/>\n<meta property=\"og:url\" content=\"https:\/\/www.artdepraslin.be\/en\/our-shop\/\" \/>\n<meta property=\"og:site_name\" content=\"Art de Praslin\" \/>\n<meta property=\"article:publisher\" content=\"https:\/\/www.facebook.com\/artdepraslin\" \/>\n<meta property=\"og:image\" content=\"http:\/\/artdepraslin.promisys-lab.be\/wp-content\/uploads\/2019\/03\/218_18-2.jpg\" \/>\n<meta name=\"twitter:card\" content=\"summary_large_image\" \/>\n<script type=\"application\/ld+json\" class=\"yoast-schema-graph\">{\"@context\":\"https:\/\/schema.org\",\"@graph\":[{\"@type\":\"Organization\",\"@id\":\"https:\/\/www.artdepraslin.be\/#organization\",\"name\":\"Art de Praslin\",\"url\":\"https:\/\/www.artdepraslin.be\/\",\"sameAs\":[\"https:\/\/www.facebook.com\/artdepraslin\",\"https:\/\/www.instagram.com\/artdepraslin\/\"],\"logo\":{\"@type\":\"ImageObject\",\"@id\":\"https:\/\/www.artdepraslin.be\/#logo\",\"inLanguage\":\"en-US\",\"url\":\"https:\/\/www.artdepraslin.be\/wp-content\/uploads\/2019\/03\/logo.png\",\"width\":260,\"height\":42,\"caption\":\"Art de Praslin\"},\"image\":{\"@id\":\"https:\/\/www.artdepraslin.be\/#logo\"}},{\"@type\":\"WebSite\",\"@id\":\"https:\/\/www.artdepraslin.be\/#website\",\"url\":\"https:\/\/www.artdepraslin.be\/\",\"name\":\"Art de Praslin\",\"description\":\"\",\"publisher\":{\"@id\":\"https:\/\/www.artdepraslin.be\/#organization\"},\"potentialAction\":[{\"@type\":\"SearchAction\",\"target\":\"https:\/\/www.artdepraslin.be\/?s={search_term_string}\",\"query-input\":\"required name=search_term_string\"}],\"inLanguage\":\"en-US\"},{\"@type\":\"ImageObject\",\"@id\":\"https:\/\/www.artdepraslin.be\/en\/our-shop\/#primaryimage\",\"inLanguage\":\"en-US\",\"url\":\"http:\/\/artdepraslin.promisys-lab.be\/wp-content\/uploads\/2019\/03\/218_18-2.jpg\"},{\"@type\":\"WebPage\",\"@id\":\"https:\/\/www.artdepraslin.be\/en\/our-shop\/#webpage\",\"url\":\"https:\/\/www.artdepraslin.be\/en\/our-shop\/\",\"name\":\"Our shop | Art de Praslin\",\"isPartOf\":{\"@id\":\"https:\/\/www.artdepraslin.be\/#website\"},\"primaryImageOfPage\":{\"@id\":\"https:\/\/www.artdepraslin.be\/en\/our-shop\/#primaryimage\"},\"datePublished\":\"2020-10-06T13:24:35+00:00\",\"dateModified\":\"2020-10-06T13:24:35+00:00\",\"description\":\"D\\u00e9couvrez notre s\\u00e9lection artisanale de chocolats de P\\u00e2ques ! Oeufs, lapins, chocolats fourr\\u00e9s ou pralin\\u00e9s, nous avons tout ce qu'il faut pour r\\u00e9galer petits et grands. Commandez en ligne et recevez vos chocolats chez vous pour une f\\u00eate de P\\u00e2ques r\\u00e9ussie. Nos chocolats sont fabriqu\\u00e9s avec amour et passion, \\u00e0 partir d'ingr\\u00e9dients de qualit\\u00e9, pour vous offrir une exp\\u00e9rience gustative inoubliable. Offrez ou offrez-vous nos coffrets cadeaux de P\\u00e2ques pour une surprise encore plus gourmande.\",\"breadcrumb\":{\"@id\":\"https:\/\/www.artdepraslin.be\/en\/our-shop\/#breadcrumb\"},\"inLanguage\":\"en-US\",\"potentialAction\":[{\"@type\":\"ReadAction\",\"target\":[\"https:\/\/www.artdepraslin.be\/en\/our-shop\/\"]}]},{\"@type\":\"BreadcrumbList\",\"@id\":\"https:\/\/www.artdepraslin.be\/en\/our-shop\/#breadcrumb\",\"itemListElement\":[{\"@type\":\"ListItem\",\"position\":1,\"item\":{\"@type\":\"WebPage\",\"@id\":\"https:\/\/www.artdepraslin.be\/en\/\",\"url\":\"https:\/\/www.artdepraslin.be\/en\/\",\"name\":\"Accueil\"}},{\"@type\":\"ListItem\",\"position\":2,\"item\":{\"@type\":\"WebPage\",\"@id\":\"https:\/\/www.artdepraslin.be\/en\/our-shop\/\",\"url\":\"https:\/\/www.artdepraslin.be\/en\/our-shop\/\",\"name\":\"Our shop\"}}]}]}<\/script>\n<!-- \/ Yoast SEO Premium plugin. -->","_links":{"self":[{"href":"https:\/\/www.artdepraslin.be\/en\/wp-json\/wp\/v2\/pages\/697","targetHints":{"allow":["GET"]}}],"collection":[{"href":"https:\/\/www.artdepraslin.be\/en\/wp-json\/wp\/v2\/pages"}],"about":[{"href":"https:\/\/www.artdepraslin.be\/en\/wp-json\/wp\/v2\/types\/page"}],"author":[{"embeddable":true,"href":"https:\/\/www.artdepraslin.be\/en\/wp-json\/wp\/v2\/users\/1"}],"replies":[{"embeddable":true,"href":"https:\/\/www.artdepraslin.be\/en\/wp-json\/wp\/v2\/comments?post=697"}],"version-history":[{"count":1,"href":"https:\/\/www.artdepraslin.be\/en\/wp-json\/wp\/v2\/pages\/697\/revisions"}],"predecessor-version":[{"id":698,"href":"https:\/\/www.artdepraslin.be\/en\/wp-json\/wp\/v2\/pages\/697\/revisions\/698"}],"wp:attachment":[{"href":"https:\/\/www.artdepraslin.be\/en\/wp-json\/wp\/v2\/media?parent=697"}],"curies":[{"name":"wp","href":"https:\/\/api.w.org\/{rel}","templated":true}]}}