{"id":711,"date":"2020-10-08T08:36:56","date_gmt":"2020-10-08T06:36:56","guid":{"rendered":"http:\/\/artdepraslin.promisys-lab.be\/general-terms-and-conditions-for-online-sales\/"},"modified":"2020-10-08T08:43:09","modified_gmt":"2020-10-08T06:43:09","slug":"general-terms-and-conditions-for-online-sales","status":"publish","type":"page","link":"https:\/\/www.artdepraslin.be\/en\/general-terms-and-conditions-for-online-sales\/","title":{"rendered":"General terms and conditions for online sales"},"content":{"rendered":"\n<p>These terms and conditions of sale are entered into, on the one hand, by Sprl \u201cL&#8217;Art de Praslin\u201d, whose registered office is situated at 12 Rue de Nivelles, B-1300 Wavre, registered with the Crossroads Bank for Enterprises under n\u00b0 BCE 0433.879.218 and, on the other, any natural person or legal entity wishing to make a purchase from the Art de Praslin website (en.artdepraslin.be), hereinafter \u201cthe purchaser\u201d.<\/p>\n\n\n\n<h3 class=\"wp-block-heading\">A) Purpose&nbsp;<\/h3>\n\n\n\n<p>These terms and conditions of sale are designed to define the contractual relationship between Art de Praslin and the purchaser, as well as the conditions that apply to any purchase made through the Art de Praslin trading website, whether the purchaser is a commercial business or private consumer.<br>Acquiring goods through this website implies the unconditional acceptance by the purchaser of these terms and conditions of sale.<br>These terms and conditions of sale take precedence over any other general or special terms and conditions not expressly agreed to by Art de Praslin. Art de Praslin reserves the right to modify its general terms and conditions at any time. If this should be the case, the terms and conditions that apply will be those in effect at the time the order is placed by the purchaser.&nbsp;<\/p>\n\n\n\n<h3 class=\"wp-block-heading\">B) Features of the goods offered&nbsp;<\/h3>\n\n\n\n<p>The products offered are those featured in the catalogue published at the Art de Praslin website.<br>These products are offered while the available stocks last.<br>Each product is accompanied by a description drawn up by the supplier.<br>The photographs used in the catalogue are as faithful as possible, although they cannot provide a perfect depiction of the product offered.&nbsp;<\/p>\n\n\n\n<h3 class=\"wp-block-heading\">C) Prices&nbsp;<\/h3>\n\n\n\n<p>The prices stated in the catalogue are in euro and include the rate of VAT in effect at the time of the order; any change in the rate of VAT may be reflected in the price of the products or services.<br>Art de Praslin reserves the right to modify its prices at any time, although it is understood that the price stated in the catalogue at the time of the order will be the price that applies to the purchaser.<br>The prices shown do not include the charges for carriage and delivery.&nbsp;<\/p>\n\n\n\n<h3 class=\"wp-block-heading\">D) Orders&nbsp;<\/h3>\n\n\n\n<p>Purchasers wishing to buy a product are required to:&nbsp;<\/p>\n\n\n\n<ul class=\"wp-block-list\"><li>complete the identification sheet on which they must state all of details requested, or give a customer number, if they have one;&nbsp;<\/li><li>complete the online order form, stating all of the product references selected;&nbsp;<\/li><li>approve their order, after checking it;&nbsp;<\/li><li>make payment on the terms stated;&nbsp;<\/li><li>confirm their order and payment.&nbsp;<\/li><\/ul>\n\n\n\n<p><br>Confirmation of the order implies acceptance of these terms and conditions of sale, acknowledgment that the purchaser has read said T&amp;Cs and waives his\/her\/its own terms and conditions of purchase or any other conditions.<br>The body of details provided and registration of the order confirmation will provide valid proof of the transaction. Confirmation of the order will serve as signature and acceptance of the transactions conducted.<br>The seller will send confirmation of the order registered by electronic mail.&nbsp;<\/p>\n\n\n\n<h3 class=\"wp-block-heading\">E) Cancellation<\/h3>\n\n\n\n<p>Goods specially designed for the purchaser and\/or which may deteriorate quickly (pralines) will not be taken back, not may the purchaser invoke the cancellation clause.&nbsp;<\/p>\n\n\n\n<h3 class=\"wp-block-heading\">F) Payment terms&nbsp;<\/h3>\n\n\n\n<p>The price is due for payment at the time of the order.<br>Payments will be taken using the secure Ogone system. This gives you access to secure payment and the option to pay using any of the major credit cards.<br>Ogone is a committed international operator, providing you with customer support in French, English, Dutch and German.<br>The purchaser\u2019s account will not be debited until the products are shipped.<br>At the purchaser\u2019s request, a paper invoice will be sent showing the VAT component.<\/p>\n\n\n\n<h3 class=\"wp-block-heading\">G) Deliveries<\/h3>\n\n\n\n<p>Deliveries will be made to the address stated on the purchase order. Delivery may only be made to the geographical area agreed.<br>Any risks are incumbent on the purchaser from the time the products leave the premises of Art de Praslin. In the event of damage during transport, a complaint, stating reasons, must be lodged with the carrier within three days from the time of delivery.<br>The delivery times given are indicative only; if delivery exceeds thirty days from the time the order is placed, the contract of sale may be cancelled and the purchased reimbursed.<\/p>\n\n\n\n<h3 class=\"wp-block-heading\">H) Liability<\/h3>\n\n\n\n<p>As part of the process of online sales, the seller is bound only by an obligation as to means; it may not be held liable for any damage resulting from use of the Internet, such as loss of data, intrusion, virus, interruption of service, or other unintentional problems.&nbsp;<\/p>\n\n\n\n<h3 class=\"wp-block-heading\">I) Intellectual property&nbsp;<\/h3>\n\n\n\n<p>All of the elements featured at the Art de Praslin website are and will remain the intellectual and exclusive property of Art de Praslin.<br>No one is authorised to reproduce, exploit, must-carry or use in any form whatsoever, even partially, any elements of the website, whether they be software-related, sound or vision.<br>Any simple link or by hypertext is strictly forbidden without the express written consent of Art de Praslin.<\/p>\n\n\n\n<h3 class=\"wp-block-heading\">J) Settlement of disputes<\/h3>\n\n\n\n<p>These online terms and conditions of sale are governed by Belgian law. In the event of a dispute, jurisdiction is granted to the competent courts in Nivelles.<\/p>\n\n\n\n<p><strong>L&#8217;ART DE PRASLIN SPRL&nbsp;<br><\/strong>Rue de Nivelles, 12,&nbsp;<br>B-1300 Wavre&nbsp;<br>BCE 0433.879.218<\/p>\n\n\n\n<p>Email:&nbsp;<a href=\"mailto:info@artdepraslin.be\">info@artdepraslin.be<\/a><br>URL:&nbsp;<a href=\"http:\/\/www.artdepraslin.be\/\">http:\/\/artdepraslin.be<\/a><\/p>\n","protected":false},"excerpt":{"rendered":"<p>These terms and conditions of sale are entered into, on the one hand, by Sprl \u201cL&#8217;Art de Praslin\u201d, whose registered office is situated at 12 Rue de Nivelles, B-1300 Wavre, registered with the Crossroads Bank for Enterprises under n\u00b0 BCE 0433.879.218 and, on the other, any natural person or legal entity wishing to make a &hellip; <a href=\"https:\/\/www.artdepraslin.be\/en\/general-terms-and-conditions-for-online-sales\/\" class=\"more-link\">Continue reading<span class=\"screen-reader-text\"> &#8220;General terms and conditions for online sales&#8221;<\/span><\/a><\/p>\n","protected":false},"author":1,"featured_media":0,"parent":0,"menu_order":0,"comment_status":"closed","ping_status":"closed","template":"","meta":{"_acf_changed":false,"footnotes":""},"class_list":["post-711","page","type-page","status-publish","hentry"],"acf":[],"yoast_head":"<!-- This site is optimized with the Yoast SEO Premium plugin v15.8.2 - https:\/\/yoast.com\/wordpress\/plugins\/seo\/ -->\n<title>General terms and conditions for online sales | Art de Praslin<\/title>\n<meta name=\"description\" content=\"D\u00e9couvrez notre s\u00e9lection artisanale de chocolats de P\u00e2ques ! Oeufs, lapins, chocolats fourr\u00e9s ou pralin\u00e9s, nous avons tout ce qu&#039;il faut pour r\u00e9galer petits et grands. Commandez en ligne et recevez vos chocolats chez vous pour une f\u00eate de P\u00e2ques r\u00e9ussie. Nos chocolats sont fabriqu\u00e9s avec amour et passion, \u00e0 partir d&#039;ingr\u00e9dients de qualit\u00e9, pour vous offrir une exp\u00e9rience gustative inoubliable. Offrez ou offrez-vous nos coffrets cadeaux de P\u00e2ques pour une surprise encore plus gourmande.\" \/>\n<meta name=\"robots\" content=\"index, follow, max-snippet:-1, max-image-preview:large, max-video-preview:-1\" \/>\n<link rel=\"canonical\" href=\"https:\/\/www.artdepraslin.be\/en\/general-terms-and-conditions-for-online-sales\/\" \/>\n<meta property=\"og:locale\" content=\"en_US\" \/>\n<meta property=\"og:type\" content=\"article\" \/>\n<meta property=\"og:title\" content=\"General terms and conditions for online sales | Art de Praslin\" \/>\n<meta property=\"og:description\" content=\"D\u00e9couvrez notre s\u00e9lection artisanale de chocolats de P\u00e2ques ! Oeufs, lapins, chocolats fourr\u00e9s ou pralin\u00e9s, nous avons tout ce qu&#039;il faut pour r\u00e9galer petits et grands. Commandez en ligne et recevez vos chocolats chez vous pour une f\u00eate de P\u00e2ques r\u00e9ussie. Nos chocolats sont fabriqu\u00e9s avec amour et passion, \u00e0 partir d&#039;ingr\u00e9dients de qualit\u00e9, pour vous offrir une exp\u00e9rience gustative inoubliable. Offrez ou offrez-vous nos coffrets cadeaux de P\u00e2ques pour une surprise encore plus gourmande.\" \/>\n<meta property=\"og:url\" content=\"https:\/\/www.artdepraslin.be\/en\/general-terms-and-conditions-for-online-sales\/\" \/>\n<meta property=\"og:site_name\" content=\"Art de Praslin\" \/>\n<meta property=\"article:publisher\" content=\"https:\/\/www.facebook.com\/artdepraslin\" \/>\n<meta property=\"article:modified_time\" content=\"2020-10-08T06:43:09+00:00\" \/>\n<meta name=\"twitter:card\" content=\"summary_large_image\" \/>\n<meta name=\"twitter:label1\" content=\"Est. reading time\">\n\t<meta name=\"twitter:data1\" content=\"5 minutes\">\n<script type=\"application\/ld+json\" class=\"yoast-schema-graph\">{\"@context\":\"https:\/\/schema.org\",\"@graph\":[{\"@type\":\"Organization\",\"@id\":\"https:\/\/www.artdepraslin.be\/#organization\",\"name\":\"Art de Praslin\",\"url\":\"https:\/\/www.artdepraslin.be\/\",\"sameAs\":[\"https:\/\/www.facebook.com\/artdepraslin\",\"https:\/\/www.instagram.com\/artdepraslin\/\"],\"logo\":{\"@type\":\"ImageObject\",\"@id\":\"https:\/\/www.artdepraslin.be\/#logo\",\"inLanguage\":\"en-US\",\"url\":\"https:\/\/www.artdepraslin.be\/wp-content\/uploads\/2019\/03\/logo.png\",\"width\":260,\"height\":42,\"caption\":\"Art de Praslin\"},\"image\":{\"@id\":\"https:\/\/www.artdepraslin.be\/#logo\"}},{\"@type\":\"WebSite\",\"@id\":\"https:\/\/www.artdepraslin.be\/#website\",\"url\":\"https:\/\/www.artdepraslin.be\/\",\"name\":\"Art de Praslin\",\"description\":\"\",\"publisher\":{\"@id\":\"https:\/\/www.artdepraslin.be\/#organization\"},\"potentialAction\":[{\"@type\":\"SearchAction\",\"target\":\"https:\/\/www.artdepraslin.be\/?s={search_term_string}\",\"query-input\":\"required name=search_term_string\"}],\"inLanguage\":\"en-US\"},{\"@type\":\"WebPage\",\"@id\":\"https:\/\/www.artdepraslin.be\/en\/general-terms-and-conditions-for-online-sales\/#webpage\",\"url\":\"https:\/\/www.artdepraslin.be\/en\/general-terms-and-conditions-for-online-sales\/\",\"name\":\"General terms and conditions for online sales | Art de Praslin\",\"isPartOf\":{\"@id\":\"https:\/\/www.artdepraslin.be\/#website\"},\"datePublished\":\"2020-10-08T06:36:56+00:00\",\"dateModified\":\"2020-10-08T06:43:09+00:00\",\"description\":\"D\\u00e9couvrez notre s\\u00e9lection artisanale de chocolats de P\\u00e2ques ! Oeufs, lapins, chocolats fourr\\u00e9s ou pralin\\u00e9s, nous avons tout ce qu'il faut pour r\\u00e9galer petits et grands. Commandez en ligne et recevez vos chocolats chez vous pour une f\\u00eate de P\\u00e2ques r\\u00e9ussie. Nos chocolats sont fabriqu\\u00e9s avec amour et passion, \\u00e0 partir d'ingr\\u00e9dients de qualit\\u00e9, pour vous offrir une exp\\u00e9rience gustative inoubliable. Offrez ou offrez-vous nos coffrets cadeaux de P\\u00e2ques pour une surprise encore plus gourmande.\",\"breadcrumb\":{\"@id\":\"https:\/\/www.artdepraslin.be\/en\/general-terms-and-conditions-for-online-sales\/#breadcrumb\"},\"inLanguage\":\"en-US\",\"potentialAction\":[{\"@type\":\"ReadAction\",\"target\":[\"https:\/\/www.artdepraslin.be\/en\/general-terms-and-conditions-for-online-sales\/\"]}]},{\"@type\":\"BreadcrumbList\",\"@id\":\"https:\/\/www.artdepraslin.be\/en\/general-terms-and-conditions-for-online-sales\/#breadcrumb\",\"itemListElement\":[{\"@type\":\"ListItem\",\"position\":1,\"item\":{\"@type\":\"WebPage\",\"@id\":\"https:\/\/www.artdepraslin.be\/en\/\",\"url\":\"https:\/\/www.artdepraslin.be\/en\/\",\"name\":\"Accueil\"}},{\"@type\":\"ListItem\",\"position\":2,\"item\":{\"@type\":\"WebPage\",\"@id\":\"https:\/\/www.artdepraslin.be\/en\/general-terms-and-conditions-for-online-sales\/\",\"url\":\"https:\/\/www.artdepraslin.be\/en\/general-terms-and-conditions-for-online-sales\/\",\"name\":\"General terms and conditions for online sales\"}}]}]}<\/script>\n<!-- \/ Yoast SEO Premium plugin. -->","_links":{"self":[{"href":"https:\/\/www.artdepraslin.be\/en\/wp-json\/wp\/v2\/pages\/711","targetHints":{"allow":["GET"]}}],"collection":[{"href":"https:\/\/www.artdepraslin.be\/en\/wp-json\/wp\/v2\/pages"}],"about":[{"href":"https:\/\/www.artdepraslin.be\/en\/wp-json\/wp\/v2\/types\/page"}],"author":[{"embeddable":true,"href":"https:\/\/www.artdepraslin.be\/en\/wp-json\/wp\/v2\/users\/1"}],"replies":[{"embeddable":true,"href":"https:\/\/www.artdepraslin.be\/en\/wp-json\/wp\/v2\/comments?post=711"}],"version-history":[{"count":3,"href":"https:\/\/www.artdepraslin.be\/en\/wp-json\/wp\/v2\/pages\/711\/revisions"}],"predecessor-version":[{"id":716,"href":"https:\/\/www.artdepraslin.be\/en\/wp-json\/wp\/v2\/pages\/711\/revisions\/716"}],"wp:attachment":[{"href":"https:\/\/www.artdepraslin.be\/en\/wp-json\/wp\/v2\/media?parent=711"}],"curies":[{"name":"wp","href":"https:\/\/api.w.org\/{rel}","templated":true}]}}