{"id":717,"date":"2020-10-08T08:52:24","date_gmt":"2020-10-08T06:52:24","guid":{"rendered":"http:\/\/artdepraslin.promisys-lab.be\/ingredients-and-allergens\/"},"modified":"2020-10-08T09:01:42","modified_gmt":"2020-10-08T07:01:42","slug":"ingredients-and-allergens","status":"publish","type":"page","link":"https:\/\/www.artdepraslin.be\/en\/ingredients-and-allergens\/","title":{"rendered":"Ingredients and allergens"},"content":{"rendered":"\n<h3 class=\"wp-block-heading\">Ballotin\u2019s ingredients <\/h3>\n\n\n<table class=\"wp-block-table has-fixed-layout is-style-stripes\">\n<tbody>\n<tr class=\"composition mixte visible\">\n<td><strong>Mix<\/strong><\/td>\n<td>cocoa beans, sugar, cocoa butter, <strong>SOY<\/strong> lecithin, vanilla, cream <strong>MILK<\/strong> powder<\/td>\n<\/tr>\n<tr class=\"composition lait\">\n<td><strong>Milk<\/strong><\/td>\n<td>cocoa beans, sugar, cocoa butter, <strong>SOY<\/strong> lecithin, vanilla, cream <strong>MILK<\/strong> powder<\/td>\n<\/tr>\n<tr class=\"composition fondant\">\n<td><strong>Dark<\/strong><\/td>\n<td>cocoa beans, sugar, cocoa butter, <strong>SOY<\/strong> lecithin, vanilla<\/td>\n<\/tr>\n<tr class=\"massepain\">\n<td><strong>With marzipan<\/strong><\/td>\n<td>marzipan (contains <strong>ALMONDS<\/strong> FARO)<\/td>\n<\/tr>\n<tr class=\"alcool\">\n<td><strong>With liquor<\/strong><\/td>\n<td>water, liquors and alcoolats, alcool, glucose, cherry, ananas, kirsch, mandarine napol\u00e9on<\/td>\n<\/tr>\n<tr class=\"pate-de-fruit\">\n<td><strong>With fruit paste<\/strong><\/td>\n<td>apricot pulp, pectine, glucose, citric acid, orange, strawberry, pear, natural aroma and<br \/>\ncolouring agent E141 et E162<\/td>\n<\/tr>\n<tr class=\"praline\">\n<td><strong>With pralin\u00e9<\/strong><\/td>\n<td>cocoa beans, sugar, cocoa butter, cream <strong>MILK<\/strong> powder , <strong>SOY<\/strong> lecithin, vanilla, <strong>HAZELNUT<\/strong>, puffed rice, <strong>SESAME SEEDS, NUTS, PEANUT, ALMONDS,<\/strong><br \/>\n<strong>PISTACHIO<\/strong>, coffee extract caramel, marzipan (contains <strong>ALMONDS<\/strong> FARO), <strong>SPECULOOS<\/strong> (contains <strong>WHEAT<\/strong>, <strong>SOY<\/strong>), canelle, invert sugar, biscuit (contains<br \/>\n<strong>WHEAT, MILK, MALT<\/strong>) , dried grapes, feuillantine (contains: <strong>GLUTEN, WHEAT, SOY, MILK, BARLEY<\/strong>)<\/td>\n<\/tr>\n<tr class=\"creme-fraiche\">\n<td><strong>With fresh cream<\/strong><\/td>\n<td><strong>CREAM<\/strong> fresh, sugar, <strong>BUTTER<\/strong>, <strong>HAZELNUT<\/strong>, <strong>ALMONDS<\/strong>, Cointreau, Amaretto,<br \/>\nglucose, water, <strong>NUTS<\/strong>, coffee extract<\/td>\n<\/tr>\n<\/tbody>\n<\/table>\n\n\n\n\n<div style=\"height:20px\" aria-hidden=\"true\" class=\"wp-block-spacer\"><\/div>\n\n\n\n<h3 class=\"wp-block-heading\">Allergens<\/h3>\n\n\n\n<figure class=\"wp-block-table is-style-stripes\"><table class=\"has-fixed-layout\"><tbody><tr><td><p><strong> Cereals contain gluten<\/strong><br>(e.g. wheat, rye, barley, oats, spelt, etc.)<\/p><\/td><td>La carte, la minerve, la speculoos<\/td><\/tr><tr><td><p><strong>Shellfish<\/strong><\/p><\/td><td><p><em>None<\/em><\/p><\/td><\/tr><tr><td><p><strong>Eggs<\/strong><\/p><\/td><td><p><em>None<\/em><\/p><\/td><\/tr><tr><td><p><strong>Fish<\/strong><\/p><\/td><td><p><em>None<\/em><\/p><\/td><\/tr><tr><td><p><strong>Peanuts<\/strong> (groundnuts)<\/p><\/td><td>Praline and creame caramel with peanuts<\/td><\/tr><tr><td><p><strong>Soy<\/strong><\/p><\/td><td>Soy lecithin in dark, milk and white couverture chocolate.<\/td><\/tr><tr><td><p><strong>Milk<\/strong><\/p><\/td><td>Milk chocolate (milk powder)<\/td><\/tr><tr><td><p><strong> Nuts<\/strong><br>(e.g. almonds, hazelnuts, walnuts and pistachios)**<\/p><\/td><td>Praline-Marzipan-Mendiant-Manon-Nougatine<\/td><\/tr><tr><td><p><strong>Celery<\/strong><\/p><\/td><td><p><em>None<\/em><\/p><\/td><\/tr><tr><td><p>Mustard<\/p><\/td><td><p><em>None<\/em><\/p><\/td><\/tr><tr><td><p><strong>Sesame<\/strong><\/p><\/td><td>Le carr\u00e9 s\u00e9same, la s\u00e9same<\/td><\/tr><tr><td><p><strong>Molluscs<\/strong><\/p><\/td><td><p><em>None<\/em><\/p><\/td><\/tr><tr><td><strong>Lupin<\/strong><\/td><td><p><em>None<\/em><\/p><\/td><\/tr><tr><td><p><strong>Sulphites<\/strong><br>(wine, beer, vinegar, etc. in certain concentrations)<\/p><\/td><td><p><em>None<\/em><\/p><\/td><\/tr><\/tbody><\/table><\/figure>\n\n\n\n<div style=\"height:20px\" aria-hidden=\"true\" class=\"wp-block-spacer\"><\/div>\n\n\n\n<p>** Our products may contain traces of nuts. Our recipes may vary.<\/p>\n\n\n\n<div style=\"height:30px\" aria-hidden=\"true\" class=\"wp-block-spacer\"><\/div>\n\n\n\n<h3 class=\"wp-block-heading\">Macarons allergens<\/h3>\n\n\n\n<div class=\"wp-block-buttons is-layout-flex wp-block-buttons-is-layout-flex\">\n<div class=\"wp-block-button\"><a class=\"wp-block-button__link\" href=\"\/wp-content\/uploads\/2020\/10\/tableau-de-presence-des-allergenes-art-de-praslin.pdf\" target=\"_blank\" rel=\"noreferrer noopener\">Download the table (.pdf)<\/a><\/div>\n<\/div>\n","protected":false},"excerpt":{"rendered":"<p>Ballotin\u2019s ingredients Allergens Cereals contain gluten(e.g. wheat, rye, barley, oats, spelt, etc.) La carte, la minerve, la speculoos Shellfish None Eggs None Fish None Peanuts (groundnuts) Praline and creame caramel with peanuts Soy Soy lecithin in dark, milk and white couverture chocolate. Milk Milk chocolate (milk powder) Nuts(e.g. almonds, hazelnuts, walnuts and pistachios)** Praline-Marzipan-Mendiant-Manon-Nougatine Celery &hellip; <a href=\"https:\/\/www.artdepraslin.be\/en\/ingredients-and-allergens\/\" class=\"more-link\">Continue reading<span class=\"screen-reader-text\"> &#8220;Ingredients and allergens&#8221;<\/span><\/a><\/p>\n","protected":false},"author":1,"featured_media":0,"parent":0,"menu_order":0,"comment_status":"closed","ping_status":"closed","template":"","meta":{"_acf_changed":false,"footnotes":""},"class_list":["post-717","page","type-page","status-publish","hentry"],"acf":[],"yoast_head":"<!-- This site is optimized with the Yoast SEO Premium plugin v15.8.2 - https:\/\/yoast.com\/wordpress\/plugins\/seo\/ -->\n<title>Ingredients and allergens | Art de Praslin<\/title>\n<meta name=\"description\" content=\"D\u00e9couvrez notre s\u00e9lection artisanale de chocolats de P\u00e2ques ! Oeufs, lapins, chocolats fourr\u00e9s ou pralin\u00e9s, nous avons tout ce qu&#039;il faut pour r\u00e9galer petits et grands. Commandez en ligne et recevez vos chocolats chez vous pour une f\u00eate de P\u00e2ques r\u00e9ussie. Nos chocolats sont fabriqu\u00e9s avec amour et passion, \u00e0 partir d&#039;ingr\u00e9dients de qualit\u00e9, pour vous offrir une exp\u00e9rience gustative inoubliable. Offrez ou offrez-vous nos coffrets cadeaux de P\u00e2ques pour une surprise encore plus gourmande.\" \/>\n<meta name=\"robots\" content=\"index, follow, max-snippet:-1, max-image-preview:large, max-video-preview:-1\" \/>\n<link rel=\"canonical\" href=\"https:\/\/www.artdepraslin.be\/en\/ingredients-and-allergens\/\" \/>\n<meta property=\"og:locale\" content=\"en_US\" \/>\n<meta property=\"og:type\" content=\"article\" \/>\n<meta property=\"og:title\" content=\"Ingredients and allergens | Art de Praslin\" \/>\n<meta property=\"og:description\" content=\"D\u00e9couvrez notre s\u00e9lection artisanale de chocolats de P\u00e2ques ! Oeufs, lapins, chocolats fourr\u00e9s ou pralin\u00e9s, nous avons tout ce qu&#039;il faut pour r\u00e9galer petits et grands. Commandez en ligne et recevez vos chocolats chez vous pour une f\u00eate de P\u00e2ques r\u00e9ussie. Nos chocolats sont fabriqu\u00e9s avec amour et passion, \u00e0 partir d&#039;ingr\u00e9dients de qualit\u00e9, pour vous offrir une exp\u00e9rience gustative inoubliable. Offrez ou offrez-vous nos coffrets cadeaux de P\u00e2ques pour une surprise encore plus gourmande.\" \/>\n<meta property=\"og:url\" content=\"https:\/\/www.artdepraslin.be\/en\/ingredients-and-allergens\/\" \/>\n<meta property=\"og:site_name\" content=\"Art de Praslin\" \/>\n<meta property=\"article:publisher\" content=\"https:\/\/www.facebook.com\/artdepraslin\" \/>\n<meta property=\"article:modified_time\" content=\"2020-10-08T07:01:42+00:00\" \/>\n<meta name=\"twitter:card\" content=\"summary_large_image\" \/>\n<script type=\"application\/ld+json\" class=\"yoast-schema-graph\">{\"@context\":\"https:\/\/schema.org\",\"@graph\":[{\"@type\":\"Organization\",\"@id\":\"https:\/\/www.artdepraslin.be\/#organization\",\"name\":\"Art de Praslin\",\"url\":\"https:\/\/www.artdepraslin.be\/\",\"sameAs\":[\"https:\/\/www.facebook.com\/artdepraslin\",\"https:\/\/www.instagram.com\/artdepraslin\/\"],\"logo\":{\"@type\":\"ImageObject\",\"@id\":\"https:\/\/www.artdepraslin.be\/#logo\",\"inLanguage\":\"en-US\",\"url\":\"https:\/\/www.artdepraslin.be\/wp-content\/uploads\/2019\/03\/logo.png\",\"width\":260,\"height\":42,\"caption\":\"Art de Praslin\"},\"image\":{\"@id\":\"https:\/\/www.artdepraslin.be\/#logo\"}},{\"@type\":\"WebSite\",\"@id\":\"https:\/\/www.artdepraslin.be\/#website\",\"url\":\"https:\/\/www.artdepraslin.be\/\",\"name\":\"Art de Praslin\",\"description\":\"\",\"publisher\":{\"@id\":\"https:\/\/www.artdepraslin.be\/#organization\"},\"potentialAction\":[{\"@type\":\"SearchAction\",\"target\":\"https:\/\/www.artdepraslin.be\/?s={search_term_string}\",\"query-input\":\"required name=search_term_string\"}],\"inLanguage\":\"en-US\"},{\"@type\":\"WebPage\",\"@id\":\"https:\/\/www.artdepraslin.be\/en\/ingredients-and-allergens\/#webpage\",\"url\":\"https:\/\/www.artdepraslin.be\/en\/ingredients-and-allergens\/\",\"name\":\"Ingredients and allergens | Art de Praslin\",\"isPartOf\":{\"@id\":\"https:\/\/www.artdepraslin.be\/#website\"},\"datePublished\":\"2020-10-08T06:52:24+00:00\",\"dateModified\":\"2020-10-08T07:01:42+00:00\",\"description\":\"D\\u00e9couvrez notre s\\u00e9lection artisanale de chocolats de P\\u00e2ques ! Oeufs, lapins, chocolats fourr\\u00e9s ou pralin\\u00e9s, nous avons tout ce qu'il faut pour r\\u00e9galer petits et grands. Commandez en ligne et recevez vos chocolats chez vous pour une f\\u00eate de P\\u00e2ques r\\u00e9ussie. Nos chocolats sont fabriqu\\u00e9s avec amour et passion, \\u00e0 partir d'ingr\\u00e9dients de qualit\\u00e9, pour vous offrir une exp\\u00e9rience gustative inoubliable. Offrez ou offrez-vous nos coffrets cadeaux de P\\u00e2ques pour une surprise encore plus gourmande.\",\"breadcrumb\":{\"@id\":\"https:\/\/www.artdepraslin.be\/en\/ingredients-and-allergens\/#breadcrumb\"},\"inLanguage\":\"en-US\",\"potentialAction\":[{\"@type\":\"ReadAction\",\"target\":[\"https:\/\/www.artdepraslin.be\/en\/ingredients-and-allergens\/\"]}]},{\"@type\":\"BreadcrumbList\",\"@id\":\"https:\/\/www.artdepraslin.be\/en\/ingredients-and-allergens\/#breadcrumb\",\"itemListElement\":[{\"@type\":\"ListItem\",\"position\":1,\"item\":{\"@type\":\"WebPage\",\"@id\":\"https:\/\/www.artdepraslin.be\/en\/\",\"url\":\"https:\/\/www.artdepraslin.be\/en\/\",\"name\":\"Accueil\"}},{\"@type\":\"ListItem\",\"position\":2,\"item\":{\"@type\":\"WebPage\",\"@id\":\"https:\/\/www.artdepraslin.be\/en\/ingredients-and-allergens\/\",\"url\":\"https:\/\/www.artdepraslin.be\/en\/ingredients-and-allergens\/\",\"name\":\"Ingredients and allergens\"}}]}]}<\/script>\n<!-- \/ Yoast SEO Premium plugin. -->","_links":{"self":[{"href":"https:\/\/www.artdepraslin.be\/en\/wp-json\/wp\/v2\/pages\/717","targetHints":{"allow":["GET"]}}],"collection":[{"href":"https:\/\/www.artdepraslin.be\/en\/wp-json\/wp\/v2\/pages"}],"about":[{"href":"https:\/\/www.artdepraslin.be\/en\/wp-json\/wp\/v2\/types\/page"}],"author":[{"embeddable":true,"href":"https:\/\/www.artdepraslin.be\/en\/wp-json\/wp\/v2\/users\/1"}],"replies":[{"embeddable":true,"href":"https:\/\/www.artdepraslin.be\/en\/wp-json\/wp\/v2\/comments?post=717"}],"version-history":[{"count":2,"href":"https:\/\/www.artdepraslin.be\/en\/wp-json\/wp\/v2\/pages\/717\/revisions"}],"predecessor-version":[{"id":727,"href":"https:\/\/www.artdepraslin.be\/en\/wp-json\/wp\/v2\/pages\/717\/revisions\/727"}],"wp:attachment":[{"href":"https:\/\/www.artdepraslin.be\/en\/wp-json\/wp\/v2\/media?parent=717"}],"curies":[{"name":"wp","href":"https:\/\/api.w.org\/{rel}","templated":true}]}}