{"id":2979,"date":"2025-04-30T15:23:32","date_gmt":"2025-04-30T13:23:32","guid":{"rendered":"https:\/\/www.artdepraslin.be\/?post_type=product&#038;p=2979"},"modified":"2026-04-17T12:20:07","modified_gmt":"2026-04-17T10:20:07","slug":"boite-garnie-200g","status":"publish","type":"product","link":"https:\/\/www.artdepraslin.be\/en\/produit\/boite-garnie-200g\/","title":{"rendered":"Bo\u00eete garnie 200G"},"content":{"rendered":"<p>Bo\u00eete compos\u00e9e de 200G de pralines assorties : pralin\u00e9 nature onctueux, pralin\u00e9 croquant, pralin\u00e9 s\u00e9same, pralin\u00e9 sp\u00e9culoos, pralin\u00e9 riz-souffl\u00e9, &#8230;<\/p>\n<p>&nbsp;<\/p>\n<p>&nbsp;<\/p>\n<p>&nbsp;<\/p>\n<p>&nbsp;<\/p>\n","protected":false},"excerpt":{"rendered":"<p>Bo\u00eete compos\u00e9e de 200G de pralines assorties : pralin\u00e9 nature onctueux, pralin\u00e9 croquant, pralin\u00e9 s\u00e9same, pralin\u00e9 sp\u00e9culoos, pralin\u00e9 riz-souffl\u00e9, &#8230;<\/p>\n<p>&nbsp;<\/p>\n<p>&nbsp;<\/p>\n<p>&nbsp;<\/p>\n<p>&nbsp;<\/p>\n<p>&nbsp;<\/p>\n","protected":false},"featured_media":3274,"template":"","meta":{"_acf_changed":false},"product_brand":[],"product_cat":[64],"product_tag":[],"class_list":{"0":"post-2979","1":"product","2":"type-product","3":"status-publish","4":"has-post-thumbnail","6":"product_cat-boites-garnies","8":"first","9":"instock","10":"shipping-taxable","11":"purchasable","12":"product-type-simple"},"acf":[],"yoast_head":"<!-- This site is optimized with the Yoast SEO Premium plugin v15.8.2 - https:\/\/yoast.com\/wordpress\/plugins\/seo\/ -->\n<title>Bo\u00eete garnie 200G | Art de Praslin oeufs en chocolat artisanaux<\/title>\n<meta name=\"description\" content=\"D\u00e9couvrez l&#039;irr\u00e9sistible plaisir des petits \u0153ufs en chocolat belge artisanal. Savourez chaque bouch\u00e9e de ces d\u00e9lices chocolat\u00e9s.\" \/>\n<meta name=\"robots\" content=\"index, follow, max-snippet:-1, max-image-preview:large, max-video-preview:-1\" \/>\n<link rel=\"canonical\" href=\"https:\/\/www.artdepraslin.be\/produit\/boite-garnie-200g\/\" \/>\n<meta property=\"og:locale\" content=\"en_US\" \/>\n<meta property=\"og:type\" content=\"article\" \/>\n<meta property=\"og:title\" content=\"Bo\u00eete garnie 200G | Art de Praslin oeufs en chocolat artisanaux\" \/>\n<meta property=\"og:description\" content=\"D\u00e9couvrez l&#039;irr\u00e9sistible plaisir des petits \u0153ufs en chocolat belge artisanal. Savourez chaque bouch\u00e9e de ces d\u00e9lices chocolat\u00e9s.\" \/>\n<meta property=\"og:url\" content=\"https:\/\/www.artdepraslin.be\/produit\/boite-garnie-200g\/\" \/>\n<meta property=\"og:site_name\" content=\"Art de Praslin\" \/>\n<meta property=\"article:publisher\" content=\"https:\/\/www.facebook.com\/artdepraslin\" \/>\n<meta property=\"article:modified_time\" content=\"2026-04-17T10:20:07+00:00\" \/>\n<meta property=\"og:image\" content=\"https:\/\/www.artdepraslin.be\/wp-content\/uploads\/2025\/04\/2026-04-14-15.17.02-1-scaled.jpg\" \/>\n\t<meta property=\"og:image:width\" content=\"2560\" \/>\n\t<meta property=\"og:image:height\" content=\"2384\" \/>\n<meta name=\"twitter:card\" content=\"summary_large_image\" \/>\n<meta name=\"twitter:label1\" content=\"Est. reading time\">\n\t<meta name=\"twitter:data1\" content=\"1 minute\">\n<script type=\"application\/ld+json\" class=\"yoast-schema-graph\">{\"@context\":\"https:\/\/schema.org\",\"@graph\":[{\"@type\":\"Organization\",\"@id\":\"https:\/\/www.artdepraslin.be\/#organization\",\"name\":\"Art de Praslin\",\"url\":\"https:\/\/www.artdepraslin.be\/\",\"sameAs\":[\"https:\/\/www.facebook.com\/artdepraslin\",\"https:\/\/www.instagram.com\/artdepraslin\/\"],\"logo\":{\"@type\":\"ImageObject\",\"@id\":\"https:\/\/www.artdepraslin.be\/#logo\",\"inLanguage\":\"en-US\",\"url\":\"https:\/\/www.artdepraslin.be\/wp-content\/uploads\/2019\/03\/logo.png\",\"width\":260,\"height\":42,\"caption\":\"Art de Praslin\"},\"image\":{\"@id\":\"https:\/\/www.artdepraslin.be\/#logo\"}},{\"@type\":\"WebSite\",\"@id\":\"https:\/\/www.artdepraslin.be\/#website\",\"url\":\"https:\/\/www.artdepraslin.be\/\",\"name\":\"Art de Praslin\",\"description\":\"\",\"publisher\":{\"@id\":\"https:\/\/www.artdepraslin.be\/#organization\"},\"potentialAction\":[{\"@type\":\"SearchAction\",\"target\":\"https:\/\/www.artdepraslin.be\/?s={search_term_string}\",\"query-input\":\"required name=search_term_string\"}],\"inLanguage\":\"en-US\"},{\"@type\":\"ImageObject\",\"@id\":\"https:\/\/www.artdepraslin.be\/produit\/boite-garnie-200g\/#primaryimage\",\"inLanguage\":\"en-US\",\"url\":\"https:\/\/www.artdepraslin.be\/wp-content\/uploads\/2025\/04\/2026-04-14-15.17.02-1-scaled.jpg\",\"width\":2560,\"height\":2384},{\"@type\":\"WebPage\",\"@id\":\"https:\/\/www.artdepraslin.be\/produit\/boite-garnie-200g\/#webpage\",\"url\":\"https:\/\/www.artdepraslin.be\/produit\/boite-garnie-200g\/\",\"name\":\"Bo\\u00eete garnie 200G | Art de Praslin oeufs en chocolat artisanaux\",\"isPartOf\":{\"@id\":\"https:\/\/www.artdepraslin.be\/#website\"},\"primaryImageOfPage\":{\"@id\":\"https:\/\/www.artdepraslin.be\/produit\/boite-garnie-200g\/#primaryimage\"},\"datePublished\":\"2025-04-30T13:23:32+00:00\",\"dateModified\":\"2026-04-17T10:20:07+00:00\",\"description\":\"D\\u00e9couvrez l'irr\\u00e9sistible plaisir des petits \\u0153ufs en chocolat belge artisanal. Savourez chaque bouch\\u00e9e de ces d\\u00e9lices chocolat\\u00e9s.\",\"breadcrumb\":{\"@id\":\"https:\/\/www.artdepraslin.be\/produit\/boite-garnie-200g\/#breadcrumb\"},\"inLanguage\":\"en-US\",\"potentialAction\":[{\"@type\":\"ReadAction\",\"target\":[\"https:\/\/www.artdepraslin.be\/produit\/boite-garnie-200g\/\"]}]},{\"@type\":\"BreadcrumbList\",\"@id\":\"https:\/\/www.artdepraslin.be\/produit\/boite-garnie-200g\/#breadcrumb\",\"itemListElement\":[{\"@type\":\"ListItem\",\"position\":1,\"item\":{\"@type\":\"WebPage\",\"@id\":\"https:\/\/www.artdepraslin.be\/en\/\",\"url\":\"https:\/\/www.artdepraslin.be\/en\/\",\"name\":\"Accueil\"}},{\"@type\":\"ListItem\",\"position\":2,\"item\":{\"@type\":\"WebPage\",\"@id\":\"https:\/\/www.artdepraslin.be\/produit\/boite-garnie-200g\/\",\"url\":\"https:\/\/www.artdepraslin.be\/produit\/boite-garnie-200g\/\",\"name\":\"Bo\\u00eete garnie 200G\"}}]}]}<\/script>\n<!-- \/ Yoast SEO Premium plugin. -->","_links":{"self":[{"href":"https:\/\/www.artdepraslin.be\/en\/wp-json\/wp\/v2\/product\/2979","targetHints":{"allow":["GET"]}}],"collection":[{"href":"https:\/\/www.artdepraslin.be\/en\/wp-json\/wp\/v2\/product"}],"about":[{"href":"https:\/\/www.artdepraslin.be\/en\/wp-json\/wp\/v2\/types\/product"}],"wp:featuredmedia":[{"embeddable":true,"href":"https:\/\/www.artdepraslin.be\/en\/wp-json\/wp\/v2\/media\/3274"}],"wp:attachment":[{"href":"https:\/\/www.artdepraslin.be\/en\/wp-json\/wp\/v2\/media?parent=2979"}],"wp:term":[{"taxonomy":"product_brand","embeddable":true,"href":"https:\/\/www.artdepraslin.be\/en\/wp-json\/wp\/v2\/product_brand?post=2979"},{"taxonomy":"product_cat","embeddable":true,"href":"https:\/\/www.artdepraslin.be\/en\/wp-json\/wp\/v2\/product_cat?post=2979"},{"taxonomy":"product_tag","embeddable":true,"href":"https:\/\/www.artdepraslin.be\/en\/wp-json\/wp\/v2\/product_tag?post=2979"}],"curies":[{"name":"wp","href":"https:\/\/api.w.org\/{rel}","templated":true}]}}