{"id":740,"date":"2019-04-04T10:51:04","date_gmt":"2019-04-04T08:51:04","guid":{"rendered":"http:\/\/artdepraslin.promisys-lab.be\/produit\/box-of-macarons-16pcs\/"},"modified":"2019-04-04T10:51:04","modified_gmt":"2019-04-04T08:51:04","slug":"box-of-macarons-16pcs","status":"publish","type":"product","link":"https:\/\/www.artdepraslin.be\/en\/product\/box-of-macarons-16pcs\/","title":{"rendered":"Box of macarons 16pcs"},"content":{"rendered":"","protected":false},"excerpt":{"rendered":"<p>Assortment of Macarons :<br \/>\nlemon, fig, strawberry, raspberry, chocolate &#038; orange, mojito, coffee, salted butter caramel, pecan nuts, coconut, pralin\u00e9, speculoos.<\/p>\n","protected":false},"featured_media":1116,"template":"","meta":{"_acf_changed":false},"product_brand":[],"product_cat":[38],"product_tag":[],"class_list":{"0":"post-740","1":"product","2":"type-product","3":"status-publish","4":"has-post-thumbnail","6":"product_cat-sweet-treats","8":"first","9":"instock","10":"shipping-taxable","11":"purchasable","12":"product-type-simple"},"acf":[],"yoast_head":"<!-- This site is optimized with the Yoast SEO Premium plugin v15.8.2 - https:\/\/yoast.com\/wordpress\/plugins\/seo\/ -->\n<title>Box of macarons 16pcs | Art de Praslin<\/title>\n<meta name=\"description\" content=\"D\u00e9couvrez notre s\u00e9lection artisanale de chocolats de P\u00e2ques ! Oeufs, lapins, chocolats fourr\u00e9s ou pralin\u00e9s, nous avons tout ce qu&#039;il faut pour r\u00e9galer petits et grands. Commandez en ligne et recevez vos chocolats chez vous pour une f\u00eate de P\u00e2ques r\u00e9ussie. Nos chocolats sont fabriqu\u00e9s avec amour et passion, \u00e0 partir d&#039;ingr\u00e9dients de qualit\u00e9, pour vous offrir une exp\u00e9rience gustative inoubliable. Offrez ou offrez-vous nos coffrets cadeaux de P\u00e2ques pour une surprise encore plus gourmande.\" \/>\n<meta name=\"robots\" content=\"index, follow, max-snippet:-1, max-image-preview:large, max-video-preview:-1\" \/>\n<link rel=\"canonical\" href=\"https:\/\/www.artdepraslin.be\/en\/product\/box-of-macarons-16pcs\/\" \/>\n<meta property=\"og:locale\" content=\"en_US\" \/>\n<meta property=\"og:type\" content=\"article\" \/>\n<meta property=\"og:title\" content=\"Box of macarons 16pcs | Art de Praslin\" \/>\n<meta property=\"og:description\" content=\"D\u00e9couvrez notre s\u00e9lection artisanale de chocolats de P\u00e2ques ! Oeufs, lapins, chocolats fourr\u00e9s ou pralin\u00e9s, nous avons tout ce qu&#039;il faut pour r\u00e9galer petits et grands. Commandez en ligne et recevez vos chocolats chez vous pour une f\u00eate de P\u00e2ques r\u00e9ussie. Nos chocolats sont fabriqu\u00e9s avec amour et passion, \u00e0 partir d&#039;ingr\u00e9dients de qualit\u00e9, pour vous offrir une exp\u00e9rience gustative inoubliable. Offrez ou offrez-vous nos coffrets cadeaux de P\u00e2ques pour une surprise encore plus gourmande.\" \/>\n<meta property=\"og:url\" content=\"https:\/\/www.artdepraslin.be\/en\/product\/box-of-macarons-16pcs\/\" \/>\n<meta property=\"og:site_name\" content=\"Art de Praslin\" \/>\n<meta property=\"article:publisher\" content=\"https:\/\/www.facebook.com\/artdepraslin\" \/>\n<meta property=\"og:image\" content=\"https:\/\/www.artdepraslin.be\/wp-content\/uploads\/2020\/11\/Grandmac-scaled.jpg\" \/>\n\t<meta property=\"og:image:width\" content=\"2560\" \/>\n\t<meta property=\"og:image:height\" content=\"1707\" \/>\n<meta name=\"twitter:card\" content=\"summary_large_image\" \/>\n<script type=\"application\/ld+json\" class=\"yoast-schema-graph\">{\"@context\":\"https:\/\/schema.org\",\"@graph\":[{\"@type\":\"Organization\",\"@id\":\"https:\/\/www.artdepraslin.be\/#organization\",\"name\":\"Art de Praslin\",\"url\":\"https:\/\/www.artdepraslin.be\/\",\"sameAs\":[\"https:\/\/www.facebook.com\/artdepraslin\",\"https:\/\/www.instagram.com\/artdepraslin\/\"],\"logo\":{\"@type\":\"ImageObject\",\"@id\":\"https:\/\/www.artdepraslin.be\/#logo\",\"inLanguage\":\"en-US\",\"url\":\"https:\/\/www.artdepraslin.be\/wp-content\/uploads\/2019\/03\/logo.png\",\"width\":260,\"height\":42,\"caption\":\"Art de Praslin\"},\"image\":{\"@id\":\"https:\/\/www.artdepraslin.be\/#logo\"}},{\"@type\":\"WebSite\",\"@id\":\"https:\/\/www.artdepraslin.be\/#website\",\"url\":\"https:\/\/www.artdepraslin.be\/\",\"name\":\"Art de Praslin\",\"description\":\"\",\"publisher\":{\"@id\":\"https:\/\/www.artdepraslin.be\/#organization\"},\"potentialAction\":[{\"@type\":\"SearchAction\",\"target\":\"https:\/\/www.artdepraslin.be\/?s={search_term_string}\",\"query-input\":\"required name=search_term_string\"}],\"inLanguage\":\"en-US\"},{\"@type\":\"ImageObject\",\"@id\":\"https:\/\/www.artdepraslin.be\/en\/product\/box-of-macarons-16pcs\/#primaryimage\",\"inLanguage\":\"en-US\",\"url\":\"https:\/\/www.artdepraslin.be\/wp-content\/uploads\/2020\/11\/Grandmac-scaled.jpg\",\"width\":2560,\"height\":1707},{\"@type\":\"WebPage\",\"@id\":\"https:\/\/www.artdepraslin.be\/en\/product\/box-of-macarons-16pcs\/#webpage\",\"url\":\"https:\/\/www.artdepraslin.be\/en\/product\/box-of-macarons-16pcs\/\",\"name\":\"Box of macarons 16pcs | Art de Praslin\",\"isPartOf\":{\"@id\":\"https:\/\/www.artdepraslin.be\/#website\"},\"primaryImageOfPage\":{\"@id\":\"https:\/\/www.artdepraslin.be\/en\/product\/box-of-macarons-16pcs\/#primaryimage\"},\"datePublished\":\"2019-04-04T08:51:04+00:00\",\"dateModified\":\"2019-04-04T08:51:04+00:00\",\"description\":\"D\\u00e9couvrez notre s\\u00e9lection artisanale de chocolats de P\\u00e2ques ! Oeufs, lapins, chocolats fourr\\u00e9s ou pralin\\u00e9s, nous avons tout ce qu'il faut pour r\\u00e9galer petits et grands. Commandez en ligne et recevez vos chocolats chez vous pour une f\\u00eate de P\\u00e2ques r\\u00e9ussie. Nos chocolats sont fabriqu\\u00e9s avec amour et passion, \\u00e0 partir d'ingr\\u00e9dients de qualit\\u00e9, pour vous offrir une exp\\u00e9rience gustative inoubliable. Offrez ou offrez-vous nos coffrets cadeaux de P\\u00e2ques pour une surprise encore plus gourmande.\",\"breadcrumb\":{\"@id\":\"https:\/\/www.artdepraslin.be\/en\/product\/box-of-macarons-16pcs\/#breadcrumb\"},\"inLanguage\":\"en-US\",\"potentialAction\":[{\"@type\":\"ReadAction\",\"target\":[\"https:\/\/www.artdepraslin.be\/en\/product\/box-of-macarons-16pcs\/\"]}]},{\"@type\":\"BreadcrumbList\",\"@id\":\"https:\/\/www.artdepraslin.be\/en\/product\/box-of-macarons-16pcs\/#breadcrumb\",\"itemListElement\":[{\"@type\":\"ListItem\",\"position\":1,\"item\":{\"@type\":\"WebPage\",\"@id\":\"https:\/\/www.artdepraslin.be\/en\/\",\"url\":\"https:\/\/www.artdepraslin.be\/en\/\",\"name\":\"Accueil\"}},{\"@type\":\"ListItem\",\"position\":2,\"item\":{\"@type\":\"WebPage\",\"@id\":\"https:\/\/www.artdepraslin.be\/en\/product\/box-of-macarons-16pcs\/\",\"url\":\"https:\/\/www.artdepraslin.be\/en\/product\/box-of-macarons-16pcs\/\",\"name\":\"Box of macarons 16pcs\"}}]}]}<\/script>\n<!-- \/ Yoast SEO Premium plugin. -->","_links":{"self":[{"href":"https:\/\/www.artdepraslin.be\/en\/wp-json\/wp\/v2\/product\/740","targetHints":{"allow":["GET"]}}],"collection":[{"href":"https:\/\/www.artdepraslin.be\/en\/wp-json\/wp\/v2\/product"}],"about":[{"href":"https:\/\/www.artdepraslin.be\/en\/wp-json\/wp\/v2\/types\/product"}],"wp:featuredmedia":[{"embeddable":true,"href":"https:\/\/www.artdepraslin.be\/en\/wp-json\/wp\/v2\/media\/1116"}],"wp:attachment":[{"href":"https:\/\/www.artdepraslin.be\/en\/wp-json\/wp\/v2\/media?parent=740"}],"wp:term":[{"taxonomy":"product_brand","embeddable":true,"href":"https:\/\/www.artdepraslin.be\/en\/wp-json\/wp\/v2\/product_brand?post=740"},{"taxonomy":"product_cat","embeddable":true,"href":"https:\/\/www.artdepraslin.be\/en\/wp-json\/wp\/v2\/product_cat?post=740"},{"taxonomy":"product_tag","embeddable":true,"href":"https:\/\/www.artdepraslin.be\/en\/wp-json\/wp\/v2\/product_tag?post=740"}],"curies":[{"name":"wp","href":"https:\/\/api.w.org\/{rel}","templated":true}]}}